{"id":8859,"date":"2023-01-27T12:15:28","date_gmt":"2023-01-27T11:15:28","guid":{"rendered":"https:\/\/greenlab.org.pl\/?page_id=8859"},"modified":"2023-01-27T12:22:35","modified_gmt":"2023-01-27T11:22:35","slug":"elementor-8859","status":"publish","type":"page","link":"https:\/\/greenlab.org.pl\/?page_id=8859","title":{"rendered":"2022 Do\u017cynki Cz\u0119stochowa"},"content":{"rendered":"\t\t<div data-elementor-type=\"wp-page\" data-elementor-id=\"8859\" class=\"elementor elementor-8859\">\n\t\t\t\t\t\t<section class=\"elementor-section elementor-top-section elementor-element elementor-element-30e20cbc elementor-section-boxed elementor-section-height-default elementor-section-height-default\" data-id=\"30e20cbc\" data-element_type=\"section\" data-e-type=\"section\">\n\t\t\t\t\t\t<div class=\"elementor-container elementor-column-gap-default\">\n\t\t\t\t\t<div class=\"elementor-column elementor-col-100 elementor-top-column elementor-element elementor-element-3b28cc10\" data-id=\"3b28cc10\" data-element_type=\"column\" data-e-type=\"column\">\n\t\t\t<div class=\"elementor-widget-wrap elementor-element-populated\">\n\t\t\t\t\t\t<div class=\"elementor-element elementor-element-6cf6e73d elementor-widget elementor-widget-heading\" data-id=\"6cf6e73d\" data-element_type=\"widget\" data-e-type=\"widget\" data-widget_type=\"heading.default\">\n\t\t\t\t<div class=\"elementor-widget-container\">\n\t\t\t\t\t<h2 class=\"elementor-heading-title elementor-size-default\">XXXI Krajowa Wystawa Rolnicza w Cz\u0119stochowie<\/h2>\t\t\t\t<\/div>\n\t\t\t\t<\/div>\n\t\t\t\t\t<\/div>\n\t\t<\/div>\n\t\t\t\t\t<\/div>\n\t\t<\/section>\n\t\t\t\t<section class=\"elementor-section elementor-top-section elementor-element elementor-element-3222a50 elementor-section-boxed elementor-section-height-default elementor-section-height-default\" data-id=\"3222a50\" data-element_type=\"section\" data-e-type=\"section\">\n\t\t\t\t\t\t<div class=\"elementor-container elementor-column-gap-default\">\n\t\t\t\t\t<div class=\"elementor-column elementor-col-100 elementor-top-column elementor-element elementor-element-321143d\" data-id=\"321143d\" data-element_type=\"column\" data-e-type=\"column\">\n\t\t\t<div class=\"elementor-widget-wrap elementor-element-populated\">\n\t\t\t\t\t\t<div class=\"elementor-element elementor-element-7d5fa4f elementor-widget elementor-widget-text-editor\" data-id=\"7d5fa4f\" data-element_type=\"widget\" data-e-type=\"widget\" data-widget_type=\"text-editor.default\">\n\t\t\t\t<div class=\"elementor-widget-container\">\n\t\t\t\t\t\t\t\t\t<p>W dniach<strong> 3-4 wrze\u015bnia 2022<\/strong> roku odby\u0142y si\u0119 <strong>Og\u00f3lnopolskie Do\u017cynki Jasnog\u00f3rskie w Cz\u0119stochowie<\/strong>, kt\u00f3remu towarzyszy\u0142a XXXI Krajowa Wystawa Rolnicza. Na Wystawie sw\u00f3j dorobek prezentuje co roku kilkuset wystawc\u00f3w z ca\u0142ej Polski.<\/p>\t\t\t\t\t\t\t\t<\/div>\n\t\t\t\t<\/div>\n\t\t\t\t\t<\/div>\n\t\t<\/div>\n\t\t\t\t\t<\/div>\n\t\t<\/section>\n\t\t\t\t<section class=\"elementor-section elementor-top-section elementor-element elementor-element-18835400 elementor-section-boxed elementor-section-height-default elementor-section-height-default\" data-id=\"18835400\" data-element_type=\"section\" data-e-type=\"section\">\n\t\t\t\t\t\t<div class=\"elementor-container elementor-column-gap-default\">\n\t\t\t\t\t<div class=\"elementor-column elementor-col-66 elementor-top-column elementor-element elementor-element-d282361\" data-id=\"d282361\" data-element_type=\"column\" data-e-type=\"column\">\n\t\t\t<div class=\"elementor-widget-wrap elementor-element-populated\">\n\t\t\t\t\t\t<div class=\"elementor-element elementor-element-a69fd12 elementor-widget elementor-widget-image\" data-id=\"a69fd12\" data-element_type=\"widget\" data-e-type=\"widget\" data-widget_type=\"image.default\">\n\t\t\t\t<div class=\"elementor-widget-container\">\n\t\t\t\t\t\t\t\t\t\t\t\t\t\t\t<img fetchpriority=\"high\" decoding=\"async\" width=\"852\" height=\"569\" src=\"https:\/\/greenlab.org.pl\/wp-content\/uploads\/2023\/01\/3.jpg\" class=\"attachment-large size-large wp-image-8863\" alt=\"\" srcset=\"https:\/\/greenlab.org.pl\/wp-content\/uploads\/2023\/01\/3.jpg 852w, https:\/\/greenlab.org.pl\/wp-content\/uploads\/2023\/01\/3-300x200.jpg 300w, https:\/\/greenlab.org.pl\/wp-content\/uploads\/2023\/01\/3-768x513.jpg 768w\" sizes=\"(max-width: 852px) 100vw, 852px\" \/>\t\t\t\t\t\t\t\t\t\t\t\t\t\t\t<\/div>\n\t\t\t\t<\/div>\n\t\t\t\t\t<\/div>\n\t\t<\/div>\n\t\t\t\t<div class=\"elementor-column elementor-col-33 elementor-top-column elementor-element elementor-element-43d31965\" data-id=\"43d31965\" data-element_type=\"column\" data-e-type=\"column\">\n\t\t\t<div class=\"elementor-widget-wrap elementor-element-populated\">\n\t\t\t\t\t\t<div class=\"elementor-element elementor-element-84aa56e elementor-widget elementor-widget-image\" data-id=\"84aa56e\" data-element_type=\"widget\" data-e-type=\"widget\" data-widget_type=\"image.default\">\n\t\t\t\t<div class=\"elementor-widget-container\">\n\t\t\t\t\t\t\t\t\t\t\t\t\t\t\t<img decoding=\"async\" width=\"852\" height=\"569\" src=\"https:\/\/greenlab.org.pl\/wp-content\/uploads\/2023\/01\/4.jpg\" class=\"attachment-large size-large wp-image-8864\" alt=\"\" srcset=\"https:\/\/greenlab.org.pl\/wp-content\/uploads\/2023\/01\/4.jpg 852w, https:\/\/greenlab.org.pl\/wp-content\/uploads\/2023\/01\/4-300x200.jpg 300w, https:\/\/greenlab.org.pl\/wp-content\/uploads\/2023\/01\/4-768x513.jpg 768w\" sizes=\"(max-width: 852px) 100vw, 852px\" \/>\t\t\t\t\t\t\t\t\t\t\t\t\t\t\t<\/div>\n\t\t\t\t<\/div>\n\t\t\t\t\t<\/div>\n\t\t<\/div>\n\t\t\t\t\t<\/div>\n\t\t<\/section>\n\t\t\t\t<section class=\"elementor-section elementor-top-section elementor-element elementor-element-145db834 elementor-section-boxed elementor-section-height-default elementor-section-height-default\" data-id=\"145db834\" data-element_type=\"section\" data-e-type=\"section\">\n\t\t\t\t\t\t<div class=\"elementor-container elementor-column-gap-default\">\n\t\t\t\t\t<div class=\"elementor-column elementor-col-100 elementor-top-column elementor-element elementor-element-97d90be\" data-id=\"97d90be\" data-element_type=\"column\" data-e-type=\"column\">\n\t\t\t<div class=\"elementor-widget-wrap elementor-element-populated\">\n\t\t\t\t\t\t<div class=\"elementor-element elementor-element-d42feb0 elementor-widget elementor-widget-text-editor\" data-id=\"d42feb0\" data-element_type=\"widget\" data-e-type=\"widget\" data-widget_type=\"text-editor.default\">\n\t\t\t\t<div class=\"elementor-widget-container\">\n\t\t\t\t\t\t\t\t\t<p>W wystawie udzia\u0142 wzi\u0119\u0142y\u00a0<strong>Sp\u00f3\u0142ki KOWR<\/strong>, dla kt\u00f3rych pawilon wystawienniczy przygotowa\u0142a\u00a0<strong>Green Lab Sp. z o.o.<\/strong><\/p>\t\t\t\t\t\t\t\t<\/div>\n\t\t\t\t<\/div>\n\t\t\t\t\t<\/div>\n\t\t<\/div>\n\t\t\t\t\t<\/div>\n\t\t<\/section>\n\t\t\t\t<section class=\"elementor-section elementor-top-section elementor-element elementor-element-5578e85e elementor-section-boxed elementor-section-height-default elementor-section-height-default\" data-id=\"5578e85e\" data-element_type=\"section\" data-e-type=\"section\">\n\t\t\t\t\t\t<div class=\"elementor-container elementor-column-gap-default\">\n\t\t\t\t\t<div class=\"elementor-column elementor-col-100 elementor-top-column elementor-element elementor-element-65d957ca\" data-id=\"65d957ca\" data-element_type=\"column\" data-e-type=\"column\">\n\t\t\t<div class=\"elementor-widget-wrap elementor-element-populated\">\n\t\t\t\t\t\t<div class=\"elementor-element elementor-element-2cf75c5 elementor-widget elementor-widget-image\" data-id=\"2cf75c5\" data-element_type=\"widget\" data-e-type=\"widget\" data-widget_type=\"image.default\">\n\t\t\t\t<div class=\"elementor-widget-container\">\n\t\t\t\t\t\t\t\t\t\t\t\t\t\t\t<img decoding=\"async\" width=\"2560\" height=\"1920\" src=\"https:\/\/greenlab.org.pl\/wp-content\/uploads\/2023\/01\/2-scaled.jpg\" class=\"attachment-full size-full wp-image-8862\" alt=\"\" srcset=\"https:\/\/greenlab.org.pl\/wp-content\/uploads\/2023\/01\/2-scaled.jpg 2560w, https:\/\/greenlab.org.pl\/wp-content\/uploads\/2023\/01\/2-300x225.jpg 300w, https:\/\/greenlab.org.pl\/wp-content\/uploads\/2023\/01\/2-1024x768.jpg 1024w, https:\/\/greenlab.org.pl\/wp-content\/uploads\/2023\/01\/2-768x576.jpg 768w, https:\/\/greenlab.org.pl\/wp-content\/uploads\/2023\/01\/2-1536x1152.jpg 1536w, https:\/\/greenlab.org.pl\/wp-content\/uploads\/2023\/01\/2-2048x1536.jpg 2048w\" sizes=\"(max-width: 2560px) 100vw, 2560px\" \/>\t\t\t\t\t\t\t\t\t\t\t\t\t\t\t<\/div>\n\t\t\t\t<\/div>\n\t\t\t\t\t<\/div>\n\t\t<\/div>\n\t\t\t\t\t<\/div>\n\t\t<\/section>\n\t\t\t\t<section class=\"elementor-section elementor-top-section elementor-element elementor-element-7749cdef elementor-section-boxed elementor-section-height-default elementor-section-height-default\" data-id=\"7749cdef\" data-element_type=\"section\" data-e-type=\"section\">\n\t\t\t\t\t\t<div class=\"elementor-container elementor-column-gap-default\">\n\t\t\t\t\t<div class=\"elementor-column elementor-col-50 elementor-top-column elementor-element elementor-element-7310fd5c\" data-id=\"7310fd5c\" data-element_type=\"column\" data-e-type=\"column\">\n\t\t\t<div class=\"elementor-widget-wrap elementor-element-populated\">\n\t\t\t\t\t\t<div class=\"elementor-element elementor-element-1023f32 elementor-widget elementor-widget-image\" data-id=\"1023f32\" data-element_type=\"widget\" data-e-type=\"widget\" data-widget_type=\"image.default\">\n\t\t\t\t<div class=\"elementor-widget-container\">\n\t\t\t\t\t\t\t\t\t\t\t\t\t\t\t<img loading=\"lazy\" decoding=\"async\" width=\"1024\" height=\"768\" src=\"https:\/\/greenlab.org.pl\/wp-content\/uploads\/2023\/01\/1-1024x768.jpg\" class=\"attachment-large size-large wp-image-8861\" alt=\"\" srcset=\"https:\/\/greenlab.org.pl\/wp-content\/uploads\/2023\/01\/1-1024x768.jpg 1024w, https:\/\/greenlab.org.pl\/wp-content\/uploads\/2023\/01\/1-300x225.jpg 300w, https:\/\/greenlab.org.pl\/wp-content\/uploads\/2023\/01\/1-768x576.jpg 768w, https:\/\/greenlab.org.pl\/wp-content\/uploads\/2023\/01\/1-1536x1152.jpg 1536w, https:\/\/greenlab.org.pl\/wp-content\/uploads\/2023\/01\/1-2048x1536.jpg 2048w\" sizes=\"(max-width: 1024px) 100vw, 1024px\" \/>\t\t\t\t\t\t\t\t\t\t\t\t\t\t\t<\/div>\n\t\t\t\t<\/div>\n\t\t\t\t\t<\/div>\n\t\t<\/div>\n\t\t\t\t<div class=\"elementor-column elementor-col-50 elementor-top-column elementor-element elementor-element-d3589dd\" data-id=\"d3589dd\" data-element_type=\"column\" data-e-type=\"column\">\n\t\t\t<div class=\"elementor-widget-wrap elementor-element-populated\">\n\t\t\t\t\t\t<div class=\"elementor-element elementor-element-7f1dfe9 elementor-widget elementor-widget-text-editor\" data-id=\"7f1dfe9\" data-element_type=\"widget\" data-e-type=\"widget\" data-widget_type=\"text-editor.default\">\n\t\t\t\t<div class=\"elementor-widget-container\">\n\t\t\t\t\t\t\t\t\t<p>Na 150 m\u00b2 powierzchni wystawienniczej Sp\u00f3\u0142ki prezentowa\u0142y swoje osi\u0105gni\u0119cia w hodowli ro\u015blinnej i zwierz\u0119cej.\u00a0<\/p><p>Krajowa Wystawa Rolnicza to nie tylko ekspozycje, ale r\u00f3wnie\u017c dobra okazja do podnoszenia swojej wiedzy, wymiany do\u015bwiadcze\u0144 i integracji ca\u0142ego \u015brodowiska rolniczego. Rolnicy mogli skorzysta\u0107 z porad ekspert\u00f3w z instytut\u00f3w naukowych, MRiRW, \u015aODR, ARiMR, KOWR, CDR czy KRUS.<\/p>\t\t\t\t\t\t\t\t<\/div>\n\t\t\t\t<\/div>\n\t\t\t\t\t<\/div>\n\t\t<\/div>\n\t\t\t\t\t<\/div>\n\t\t<\/section>\n\t\t\t\t<section class=\"elementor-section elementor-top-section elementor-element elementor-element-14be69c elementor-section-boxed elementor-section-height-default elementor-section-height-default\" data-id=\"14be69c\" data-element_type=\"section\" data-e-type=\"section\">\n\t\t\t\t\t\t<div class=\"elementor-container elementor-column-gap-default\">\n\t\t\t\t\t<div class=\"elementor-column elementor-col-50 elementor-top-column elementor-element elementor-element-6323d28\" data-id=\"6323d28\" data-element_type=\"column\" data-e-type=\"column\">\n\t\t\t<div class=\"elementor-widget-wrap elementor-element-populated\">\n\t\t\t\t\t\t<div class=\"elementor-element elementor-element-ada4405 elementor-widget elementor-widget-text-editor\" data-id=\"ada4405\" data-element_type=\"widget\" data-e-type=\"widget\" data-widget_type=\"text-editor.default\">\n\t\t\t\t<div class=\"elementor-widget-container\">\n\t\t\t\t\t\t\t\t\t<p>Szczeg\u00f3lnym powodzeniem podczas XXXI Krajowej Wystawy Rolniczej cieszy\u0142y si\u0119: Wystawa Zwierz\u0105t Hodowlanych, Wystawa Drobnego Inwentarza i Ptak\u00f3w Ozdobnych.<\/p><p><span style=\"font-size: 15px; color: var( --e-global-color-text );\">W programie dwudniowej imprezy znalaz\u0142y si\u0119 tak\u017ce: Targi Pszczelarskie, Kiermasz Kwiat\u00f3w i Krzew\u00f3w Ozdobnych, prezentacje Odnawialnych \u0179r\u00f3de\u0142 Energii.<\/span><\/p><p><span style=\"font-size: 15px; color: var( --e-global-color-text );\">Uroczyste <\/span><i style=\"font-weight: inherit; color: var( --e-global-color-text );\">wr\u0119czenie <\/i><span style=\"font-size: 15px; color: var( --e-global-color-text );\">nagr\u00f3d w ramach V Krajowej Wystawy Byd\u0142a Mi\u0119snego mia\u0142o miejsce 4 wrze\u015bnia na terenie parkingu jasnog\u00f3rskiego. Zaprezentowano 73 zwierz\u0119ta w 7 rasach i 5 kategoriach.<\/span><\/p>\t\t\t\t\t\t\t\t<\/div>\n\t\t\t\t<\/div>\n\t\t\t\t\t<\/div>\n\t\t<\/div>\n\t\t\t\t<div class=\"elementor-column elementor-col-50 elementor-top-column elementor-element elementor-element-e6c6252\" data-id=\"e6c6252\" data-element_type=\"column\" data-e-type=\"column\">\n\t\t\t<div class=\"elementor-widget-wrap elementor-element-populated\">\n\t\t\t\t\t\t<div class=\"elementor-element elementor-element-85b28aa elementor-widget elementor-widget-image\" data-id=\"85b28aa\" data-element_type=\"widget\" data-e-type=\"widget\" data-widget_type=\"image.default\">\n\t\t\t\t<div class=\"elementor-widget-container\">\n\t\t\t\t\t\t\t\t\t\t\t\t\t\t\t<img loading=\"lazy\" decoding=\"async\" width=\"1024\" height=\"768\" src=\"https:\/\/greenlab.org.pl\/wp-content\/uploads\/2023\/01\/8-1024x768.jpg\" class=\"attachment-large size-large wp-image-8868\" alt=\"\" srcset=\"https:\/\/greenlab.org.pl\/wp-content\/uploads\/2023\/01\/8-1024x768.jpg 1024w, https:\/\/greenlab.org.pl\/wp-content\/uploads\/2023\/01\/8-300x225.jpg 300w, https:\/\/greenlab.org.pl\/wp-content\/uploads\/2023\/01\/8-768x576.jpg 768w, https:\/\/greenlab.org.pl\/wp-content\/uploads\/2023\/01\/8.jpg 1440w\" sizes=\"(max-width: 1024px) 100vw, 1024px\" \/>\t\t\t\t\t\t\t\t\t\t\t\t\t\t\t<\/div>\n\t\t\t\t<\/div>\n\t\t\t\t\t<\/div>\n\t\t<\/div>\n\t\t\t\t\t<\/div>\n\t\t<\/section>\n\t\t\t\t<section class=\"elementor-section elementor-top-section elementor-element elementor-element-f32d5c5 elementor-section-boxed elementor-section-height-default elementor-section-height-default\" data-id=\"f32d5c5\" data-element_type=\"section\" data-e-type=\"section\">\n\t\t\t\t\t\t<div class=\"elementor-container elementor-column-gap-default\">\n\t\t\t\t\t<div class=\"elementor-column elementor-col-50 elementor-top-column elementor-element elementor-element-ac76f64\" data-id=\"ac76f64\" data-element_type=\"column\" data-e-type=\"column\">\n\t\t\t<div class=\"elementor-widget-wrap elementor-element-populated\">\n\t\t\t\t\t\t<div class=\"elementor-element elementor-element-c16d29c elementor-widget elementor-widget-image\" data-id=\"c16d29c\" data-element_type=\"widget\" data-e-type=\"widget\" data-widget_type=\"image.default\">\n\t\t\t\t<div class=\"elementor-widget-container\">\n\t\t\t\t\t\t\t\t\t\t\t\t\t\t\t<img loading=\"lazy\" decoding=\"async\" width=\"1024\" height=\"681\" src=\"https:\/\/greenlab.org.pl\/wp-content\/uploads\/2023\/01\/6-1024x681.jpg\" class=\"attachment-large size-large wp-image-8866\" alt=\"\" srcset=\"https:\/\/greenlab.org.pl\/wp-content\/uploads\/2023\/01\/6-1024x681.jpg 1024w, https:\/\/greenlab.org.pl\/wp-content\/uploads\/2023\/01\/6-300x199.jpg 300w, https:\/\/greenlab.org.pl\/wp-content\/uploads\/2023\/01\/6-768x510.jpg 768w, https:\/\/greenlab.org.pl\/wp-content\/uploads\/2023\/01\/6-1536x1021.jpg 1536w, https:\/\/greenlab.org.pl\/wp-content\/uploads\/2023\/01\/6.jpg 1625w\" sizes=\"(max-width: 1024px) 100vw, 1024px\" \/>\t\t\t\t\t\t\t\t\t\t\t\t\t\t\t<\/div>\n\t\t\t\t<\/div>\n\t\t\t\t\t<\/div>\n\t\t<\/div>\n\t\t\t\t<div class=\"elementor-column elementor-col-50 elementor-top-column elementor-element elementor-element-fac5c91\" data-id=\"fac5c91\" data-element_type=\"column\" data-e-type=\"column\">\n\t\t\t<div class=\"elementor-widget-wrap elementor-element-populated\">\n\t\t\t\t\t\t<div class=\"elementor-element elementor-element-df44330 elementor-widget elementor-widget-text-editor\" data-id=\"df44330\" data-element_type=\"widget\" data-e-type=\"widget\" data-widget_type=\"text-editor.default\">\n\t\t\t\t<div class=\"elementor-widget-container\">\n\t\t\t\t\t\t\t\t\t<p>Wzbogaceniem uroczysto\u015bci zwi\u0105zanych z organizacj\u0105 Wystawy by\u0142 uroczysty koncert solist\u00f3w ch\u00f3ru Zespo\u0142u Pie\u015bni i Ta\u0144ca im. S. Hadyny \u201e\u015al\u0105sk\u201d, kt\u00f3ry odby\u0142 si\u0119 w Bazylice Jasnog\u00f3rskiej.<\/p><p>W niedziel\u0119 4 wrze\u015bnia 2022 r., jak co roku, tysi\u0105ce rolnik\u00f3w z ca\u0142ej Polski uczestniczy\u0142o w Mszy \u015awi\u0119tej na Jasnej G\u00f3rze dzi\u0119kuj\u0105c Matce Boskiej Cz\u0119stochowskiej za plony<span style=\"font-family: Arial, sans-serif; background: #feffe5;\">.<\/span><\/p><p>\u00a0<\/p>\t\t\t\t\t\t\t\t<\/div>\n\t\t\t\t<\/div>\n\t\t\t\t\t<\/div>\n\t\t<\/div>\n\t\t\t\t\t<\/div>\n\t\t<\/section>\n\t\t\t\t<section class=\"elementor-section elementor-top-section elementor-element elementor-element-e6e9b8f elementor-section-boxed elementor-section-height-default elementor-section-height-default\" data-id=\"e6e9b8f\" data-element_type=\"section\" data-e-type=\"section\">\n\t\t\t\t\t\t<div class=\"elementor-container elementor-column-gap-default\">\n\t\t\t\t\t<div class=\"elementor-column elementor-col-100 elementor-top-column elementor-element elementor-element-84f1348\" data-id=\"84f1348\" data-element_type=\"column\" data-e-type=\"column\">\n\t\t\t<div class=\"elementor-widget-wrap elementor-element-populated\">\n\t\t\t\t\t\t<div class=\"elementor-element elementor-element-64e4dc0 elementor-widget elementor-widget-image\" data-id=\"64e4dc0\" data-element_type=\"widget\" data-e-type=\"widget\" data-widget_type=\"image.default\">\n\t\t\t\t<div class=\"elementor-widget-container\">\n\t\t\t\t\t\t\t\t\t\t\t\t\t\t\t<img loading=\"lazy\" decoding=\"async\" width=\"1625\" height=\"1080\" src=\"https:\/\/greenlab.org.pl\/wp-content\/uploads\/2023\/01\/9.jpg\" class=\"attachment-full size-full wp-image-8869\" alt=\"\" srcset=\"https:\/\/greenlab.org.pl\/wp-content\/uploads\/2023\/01\/9.jpg 1625w, https:\/\/greenlab.org.pl\/wp-content\/uploads\/2023\/01\/9-300x199.jpg 300w, https:\/\/greenlab.org.pl\/wp-content\/uploads\/2023\/01\/9-1024x681.jpg 1024w, https:\/\/greenlab.org.pl\/wp-content\/uploads\/2023\/01\/9-768x510.jpg 768w, https:\/\/greenlab.org.pl\/wp-content\/uploads\/2023\/01\/9-1536x1021.jpg 1536w\" sizes=\"(max-width: 1625px) 100vw, 1625px\" \/>\t\t\t\t\t\t\t\t\t\t\t\t\t\t\t<\/div>\n\t\t\t\t<\/div>\n\t\t\t\t\t<\/div>\n\t\t<\/div>\n\t\t\t\t\t<\/div>\n\t\t<\/section>\n\t\t\t\t<\/div>\n\t\t","protected":false},"excerpt":{"rendered":"<p>XXXI Krajowa Wystawa Rolnicza w Cz\u0119stochowie W dniach 3-4 wrze\u015bnia 2022 roku odby\u0142y si\u0119 Og\u00f3lnopolskie Do\u017cynki Jasnog\u00f3rskie w Cz\u0119stochowie, kt\u00f3remu towarzyszy\u0142a XXXI Krajowa Wystawa Rolnicza. Na Wystawie sw\u00f3j dorobek prezentuje co roku kilkuset wystawc\u00f3w z ca\u0142ej Polski. W wystawie udzia\u0142 wzi\u0119\u0142y\u00a0Sp\u00f3\u0142ki KOWR, dla kt\u00f3rych pawilon wystawienniczy przygotowa\u0142a\u00a0Green Lab Sp. z o.o. Na 150 m\u00b2 powierzchni [&hellip;]<\/p>\n","protected":false},"author":2,"featured_media":0,"parent":0,"menu_order":0,"comment_status":"closed","ping_status":"closed","template":"elementor_theme","meta":{"site-sidebar-layout":"no-sidebar","site-content-layout":"page-builder","ast-site-content-layout":"","site-content-style":"default","site-sidebar-style":"default","ast-global-header-display":"","ast-banner-title-visibility":"","ast-main-header-display":"","ast-hfb-above-header-display":"","ast-hfb-below-header-display":"","ast-hfb-mobile-header-display":"","site-post-title":"disabled","ast-breadcrumbs-content":"","ast-featured-img":"disabled","footer-sml-layout":"","theme-transparent-header-meta":"default","adv-header-id-meta":"","stick-header-meta":"","header-above-stick-meta":"","header-main-stick-meta":"","header-below-stick-meta":"","astra-migrate-meta-layouts":"default","ast-page-background-enabled":"default","ast-page-background-meta":{"desktop":{"background-color":"","background-image":"","background-repeat":"repeat","background-position":"center center","background-size":"auto","background-attachment":"scroll","background-type":"","background-media":"","overlay-type":"","overlay-color":"","overlay-opacity":"","overlay-gradient":""},"tablet":{"background-color":"","background-image":"","background-repeat":"repeat","background-position":"center center","background-size":"auto","background-attachment":"scroll","background-type":"","background-media":"","overlay-type":"","overlay-color":"","overlay-opacity":"","overlay-gradient":""},"mobile":{"background-color":"","background-image":"","background-repeat":"repeat","background-position":"center center","background-size":"auto","background-attachment":"scroll","background-type":"","background-media":"","overlay-type":"","overlay-color":"","overlay-opacity":"","overlay-gradient":""}},"ast-content-background-meta":{"desktop":{"background-color":"var(--ast-global-color-5)","background-image":"","background-repeat":"repeat","background-position":"center center","background-size":"auto","background-attachment":"scroll","background-type":"","background-media":"","overlay-type":"","overlay-color":"","overlay-opacity":"","overlay-gradient":""},"tablet":{"background-color":"var(--ast-global-color-5)","background-image":"","background-repeat":"repeat","background-position":"center center","background-size":"auto","background-attachment":"scroll","background-type":"","background-media":"","overlay-type":"","overlay-color":"","overlay-opacity":"","overlay-gradient":""},"mobile":{"background-color":"var(--ast-global-color-5)","background-image":"","background-repeat":"repeat","background-position":"center center","background-size":"auto","background-attachment":"scroll","background-type":"","background-media":"","overlay-type":"","overlay-color":"","overlay-opacity":"","overlay-gradient":""}},"footnotes":""},"class_list":["post-8859","page","type-page","status-publish","hentry"],"_links":{"self":[{"href":"https:\/\/greenlab.org.pl\/index.php?rest_route=\/wp\/v2\/pages\/8859","targetHints":{"allow":["GET"]}}],"collection":[{"href":"https:\/\/greenlab.org.pl\/index.php?rest_route=\/wp\/v2\/pages"}],"about":[{"href":"https:\/\/greenlab.org.pl\/index.php?rest_route=\/wp\/v2\/types\/page"}],"author":[{"embeddable":true,"href":"https:\/\/greenlab.org.pl\/index.php?rest_route=\/wp\/v2\/users\/2"}],"replies":[{"embeddable":true,"href":"https:\/\/greenlab.org.pl\/index.php?rest_route=%2Fwp%2Fv2%2Fcomments&post=8859"}],"version-history":[{"count":5,"href":"https:\/\/greenlab.org.pl\/index.php?rest_route=\/wp\/v2\/pages\/8859\/revisions"}],"predecessor-version":[{"id":8882,"href":"https:\/\/greenlab.org.pl\/index.php?rest_route=\/wp\/v2\/pages\/8859\/revisions\/8882"}],"wp:attachment":[{"href":"https:\/\/greenlab.org.pl\/index.php?rest_route=%2Fwp%2Fv2%2Fmedia&parent=8859"}],"curies":[{"name":"wp","href":"https:\/\/api.w.org\/{rel}","templated":true}]}}