{"id":7878,"date":"2022-08-31T10:45:40","date_gmt":"2022-08-31T08:45:40","guid":{"rendered":"https:\/\/greenlab.org.pl\/?page_id=7878"},"modified":"2025-05-06T08:18:28","modified_gmt":"2025-05-06T06:18:28","slug":"archiwum-rozstrzygniec-postepowan","status":"publish","type":"page","link":"https:\/\/greenlab.org.pl\/?page_id=7878","title":{"rendered":"Archiwum rozstrzygni\u0119\u0107 post\u0119powa\u0144"},"content":{"rendered":"\t\t<div data-elementor-type=\"wp-page\" data-elementor-id=\"7878\" class=\"elementor elementor-7878\">\n\t\t\t\t\t\t<section class=\"elementor-section elementor-top-section elementor-element elementor-element-404312db elementor-section-boxed elementor-section-height-default elementor-section-height-default\" data-id=\"404312db\" data-element_type=\"section\" data-e-type=\"section\">\n\t\t\t\t\t\t<div class=\"elementor-container elementor-column-gap-default\">\n\t\t\t\t\t<div class=\"elementor-column elementor-col-100 elementor-top-column elementor-element elementor-element-cf59a89\" data-id=\"cf59a89\" data-element_type=\"column\" data-e-type=\"column\">\n\t\t\t<div class=\"elementor-widget-wrap elementor-element-populated\">\n\t\t\t\t\t\t<div class=\"elementor-element elementor-element-16f74de4 elementor-widget elementor-widget-text-editor\" data-id=\"16f74de4\" data-element_type=\"widget\" data-e-type=\"widget\" data-widget_type=\"text-editor.default\">\n\t\t\t\t<div class=\"elementor-widget-container\">\n\t\t\t\t\t\t\t\t\t<h5 style=\"text-align: left;\">Archiwum rozstrzygni\u0119\u0107 post\u0119powa\u0144 ofertowych:<\/h5>\t\t\t\t\t\t\t\t<\/div>\n\t\t\t\t<\/div>\n\t\t\t\t<div class=\"elementor-element elementor-element-34a8fce8 elementor-widget elementor-widget-text-editor\" data-id=\"34a8fce8\" data-element_type=\"widget\" data-e-type=\"widget\" data-widget_type=\"text-editor.default\">\n\t\t\t\t<div class=\"elementor-widget-container\">\n\t\t\t\t\t\t\t\t\t<p class=\"elementor-heading-title elementor-size-default\"><a href=\"https:\/\/greenlab.org.pl\/?page_id=11188\" data-wplink-edit=\"true\">Rozstrzygni\u0119cia\u00a0 12.2023 &#8211; 04,2025<\/a><\/p>\t\t\t\t\t\t\t\t<\/div>\n\t\t\t\t<\/div>\n\t\t\t\t<div class=\"elementor-element elementor-element-6952971 elementor-widget elementor-widget-text-editor\" data-id=\"6952971\" data-element_type=\"widget\" data-e-type=\"widget\" data-widget_type=\"text-editor.default\">\n\t\t\t\t<div class=\"elementor-widget-container\">\n\t\t\t\t\t\t\t\t\t<p class=\"elementor-heading-title elementor-size-default\"><a href=\"https:\/\/greenlab.org.pl\/?page_id=7870\">Rozstrzygni\u0119cia 08.2022 &#8211; 12.2023<\/a><\/p>\t\t\t\t\t\t\t\t<\/div>\n\t\t\t\t<\/div>\n\t\t\t\t<div class=\"elementor-element elementor-element-44c4734 elementor-widget elementor-widget-text-editor\" data-id=\"44c4734\" data-element_type=\"widget\" data-e-type=\"widget\" data-widget_type=\"text-editor.default\">\n\t\t\t\t<div class=\"elementor-widget-container\">\n\t\t\t\t\t\t\t\t\t<p class=\"elementor-heading-title elementor-size-default\"><a href=\"https:\/\/greenlab.org.pl\/?page_id=4914\">Rozstrzygni\u0119cia&nbsp; 2021 &#8211; 08.2022<\/a><\/p>\t\t\t\t\t\t\t\t<\/div>\n\t\t\t\t<\/div>\n\t\t\t\t\t<\/div>\n\t\t<\/div>\n\t\t\t\t\t<\/div>\n\t\t<\/section>\n\t\t\t\t<\/div>\n\t\t","protected":false},"excerpt":{"rendered":"<p>Archiwum rozstrzygni\u0119\u0107 post\u0119powa\u0144 ofertowych: Rozstrzygni\u0119cia\u00a0 12.2023 &#8211; 04,2025 Rozstrzygni\u0119cia 08.2022 &#8211; 12.2023 Rozstrzygni\u0119cia&nbsp; 2021 &#8211; 08.2022<\/p>\n","protected":false},"author":2,"featured_media":0,"parent":0,"menu_order":0,"comment_status":"closed","ping_status":"closed","template":"","meta":{"site-sidebar-layout":"no-sidebar","site-content-layout":"page-builder","ast-site-content-layout":"","site-content-style":"default","site-sidebar-style":"default","ast-global-header-display":"","ast-banner-title-visibility":"","ast-main-header-display":"","ast-hfb-above-header-display":"","ast-hfb-below-header-display":"","ast-hfb-mobile-header-display":"","site-post-title":"disabled","ast-breadcrumbs-content":"","ast-featured-img":"disabled","footer-sml-layout":"","theme-transparent-header-meta":"default","adv-header-id-meta":"","stick-header-meta":"","header-above-stick-meta":"","header-main-stick-meta":"","header-below-stick-meta":"","astra-migrate-meta-layouts":"default","ast-page-background-enabled":"default","ast-page-background-meta":{"desktop":{"background-color":"","background-image":"","background-repeat":"repeat","background-position":"center center","background-size":"auto","background-attachment":"scroll","background-type":"","background-media":"","overlay-type":"","overlay-color":"","overlay-opacity":"","overlay-gradient":""},"tablet":{"background-color":"","background-image":"","background-repeat":"repeat","background-position":"center center","background-size":"auto","background-attachment":"scroll","background-type":"","background-media":"","overlay-type":"","overlay-color":"","overlay-opacity":"","overlay-gradient":""},"mobile":{"background-color":"","background-image":"","background-repeat":"repeat","background-position":"center center","background-size":"auto","background-attachment":"scroll","background-type":"","background-media":"","overlay-type":"","overlay-color":"","overlay-opacity":"","overlay-gradient":""}},"ast-content-background-meta":{"desktop":{"background-color":"var(--ast-global-color-5)","background-image":"","background-repeat":"repeat","background-position":"center center","background-size":"auto","background-attachment":"scroll","background-type":"","background-media":"","overlay-type":"","overlay-color":"","overlay-opacity":"","overlay-gradient":""},"tablet":{"background-color":"var(--ast-global-color-5)","background-image":"","background-repeat":"repeat","background-position":"center center","background-size":"auto","background-attachment":"scroll","background-type":"","background-media":"","overlay-type":"","overlay-color":"","overlay-opacity":"","overlay-gradient":""},"mobile":{"background-color":"var(--ast-global-color-5)","background-image":"","background-repeat":"repeat","background-position":"center center","background-size":"auto","background-attachment":"scroll","background-type":"","background-media":"","overlay-type":"","overlay-color":"","overlay-opacity":"","overlay-gradient":""}},"footnotes":""},"class_list":["post-7878","page","type-page","status-publish","hentry"],"_links":{"self":[{"href":"https:\/\/greenlab.org.pl\/index.php?rest_route=\/wp\/v2\/pages\/7878","targetHints":{"allow":["GET"]}}],"collection":[{"href":"https:\/\/greenlab.org.pl\/index.php?rest_route=\/wp\/v2\/pages"}],"about":[{"href":"https:\/\/greenlab.org.pl\/index.php?rest_route=\/wp\/v2\/types\/page"}],"author":[{"embeddable":true,"href":"https:\/\/greenlab.org.pl\/index.php?rest_route=\/wp\/v2\/users\/2"}],"replies":[{"embeddable":true,"href":"https:\/\/greenlab.org.pl\/index.php?rest_route=%2Fwp%2Fv2%2Fcomments&post=7878"}],"version-history":[{"count":20,"href":"https:\/\/greenlab.org.pl\/index.php?rest_route=\/wp\/v2\/pages\/7878\/revisions"}],"predecessor-version":[{"id":14336,"href":"https:\/\/greenlab.org.pl\/index.php?rest_route=\/wp\/v2\/pages\/7878\/revisions\/14336"}],"wp:attachment":[{"href":"https:\/\/greenlab.org.pl\/index.php?rest_route=%2Fwp%2Fv2%2Fmedia&parent=7878"}],"curies":[{"name":"wp","href":"https:\/\/api.w.org\/{rel}","templated":true}]}}