{"id":15528,"date":"2025-12-19T12:17:25","date_gmt":"2025-12-19T11:17:25","guid":{"rendered":"https:\/\/greenlab.org.pl\/?page_id=15528"},"modified":"2025-12-19T12:52:41","modified_gmt":"2025-12-19T11:52:41","slug":"2025-4-ogloszenie-o-zamiarze-przeprowadzenia-dialogu-technicznego-konsultacji-rynkowych","status":"publish","type":"page","link":"https:\/\/greenlab.org.pl\/?page_id=15528","title":{"rendered":"2025\/4 Og\u0142oszenie o Zamiarze Przeprowadzenia Dialogu Technicznego (Konsultacji Rynkowych)"},"content":{"rendered":"\t\t<div data-elementor-type=\"wp-page\" data-elementor-id=\"15528\" class=\"elementor elementor-15528\">\n\t\t\t\t\t\t<section class=\"elementor-section elementor-top-section elementor-element elementor-element-4419818 elementor-section-boxed elementor-section-height-default elementor-section-height-default\" data-id=\"4419818\" data-element_type=\"section\" data-e-type=\"section\">\n\t\t\t\t\t\t<div class=\"elementor-container elementor-column-gap-default\">\n\t\t\t\t\t<div class=\"elementor-column elementor-col-100 elementor-top-column elementor-element elementor-element-066934f\" data-id=\"066934f\" data-element_type=\"column\" data-e-type=\"column\">\n\t\t\t<div class=\"elementor-widget-wrap elementor-element-populated\">\n\t\t\t\t\t\t<div class=\"elementor-element elementor-element-7490306 elementor-widget elementor-widget-text-editor\" data-id=\"7490306\" data-element_type=\"widget\" data-e-type=\"widget\" data-widget_type=\"text-editor.default\">\n\t\t\t\t<div class=\"elementor-widget-container\">\n\t\t\t\t\t\t\t\t\t<p><strong>Og\u0142oszenie o Zamiarze Przeprowadzenia Dialogu Technicznego (Konsultacji Rynkowych)<\/strong><\/p>\n<ol>\n<li><strong> Nazwa oraz adres Zamawiaj\u0105cego<\/strong><\/li>\n<\/ol>\n<ol>\n<li><strong>Nazwa i adres:<\/strong> Green Lab Sp. z o.o., ul. J. Bema 83\/73, 01-233 Warszawa<\/li>\n<li><strong>Adres e-mail:<\/strong> <a href=\"mailto:greenlab@greenlab.org.pl\">greenlab@greenlab.org.pl<\/a><\/li>\n<li><strong>Adres strony internetowej:<\/strong> <a href=\"http:\/\/www.greenlab.org.pl\">www.greenlab.org.pl<\/a><\/li>\n<\/ol>\n<ol>\n<li><strong> Podstawa Prawna i Charakter Post\u0119powania<\/strong><\/li>\n<\/ol>\n<p>Niniejszy dialog jest prowadzony w oparciu o zasady transparentno\u015bci, r\u00f3wnego traktowania wykonawc\u00f3w oraz uczciwej konkurencji. <strong>Niemniej jednak, sama ustawa z dnia 11 wrze\u015bnia 2019 r. Prawo zam\u00f3wie\u0144 publicznych (t.j. Dz. U. z 2024 r., poz. 1320) nie znajduje zastosowania do niniejszego dialogu technicznego.<\/strong> Niniejsze og\u0142oszenie nie stanowi zaproszenia do z\u0142o\u017cenia oferty ani zaproszenia do negocjacji w celu zawarcia umowy w rozumieniu przepis\u00f3w Kodeksu cywilnego, ani te\u017c og\u0142oszenia o zam\u00f3wieniu w rozumieniu ustawy Prawo zam\u00f3wie\u0144 publicznych.<\/p>\n<p><strong>III. Opis Przedmiotu i Cel Prowadzenia Dialogu<\/strong><\/p>\n<p><strong>Przedmiot dialogu: <\/strong>Przedmiotem konsultacji jest przygotowanie do przysz\u0142ego post\u0119powania na <strong>zaprojektowanie i wybudowanie mikrobiogazowni rolniczej o mocy elektrycznej ok. 100 kW<\/strong> wraz z infrastruktur\u0105 towarzysz\u0105c\u0105.<\/p>\n<p><strong>Charakterystyka planowanej inwestycji:<\/strong> Zamawiaj\u0105cy dysponuje wst\u0119pn\u0105 koncepcj\u0105 technologiczn\u0105 (za\u0142\u0105cznik nr 2) oraz zasobami substratowymi (za\u0142\u0105cznik nr 3), kt\u00f3re maj\u0105 zosta\u0107 zweryfikowane w toku dialogu:<\/p>\n<ul>\n<li><strong>Lokalizacja:<\/strong> Dzia\u0142ka nr 255\/1 (obr\u0119b Krzemieniewo) \u2013 za\u0142\u0105cznik nr 4.<\/li>\n<li><strong>Moc planowana:<\/strong> Silnik kogeneracyjny 100 kW.<\/li>\n<li><strong>Baza substratowa:<\/strong> Zamawiaj\u0105cy posiada roczny dost\u0119p do substrat\u00f3w, w tym m.in.:\n<ul>\n<li>Obornik bydl\u0119cy: ok. 36 752 ton\/rok.<\/li>\n<li>Gnojowica bydl\u0119ca: ok. 7 357 m\u00b3\/rok.<\/li>\n<li>Gnojowica \u015bwi\u0144ska: ok. 6 270 m\u00b3\/rok.<\/li>\n<li>Inne (obornik owczy, potencjalne kiszonki).<\/li>\n<li><em>Uwaga: Ilo\u015b\u0107 substratu znacznie przekracza zapotrzebowanie jednostki 100 kW, celem dialogu jest dob\u00f3r optymalnej &#8222;miksy&#8221; wsadu pod instalacj\u0119 tej wielko\u015bci.<\/em><\/li>\n<\/ul>\n<\/li>\n<li><strong>Wst\u0119pne za\u0142o\u017cenia technologiczne (do weryfikacji):<\/strong>\n<ul>\n<li>Zbiornik fermentacyjny ok. 800 m\u00b3 (stal nierdzewna\/kwasoodporna) z dachem dwumembranowym.<\/li>\n<li>System dozowania substrat\u00f3w sta\u0142ych (zbiornik 32 m\u00b3) z rozdrabnianiem.<\/li>\n<li>Kontener techniczny z systemem sterowania, AKPiA i analizatorem biogazu.<\/li>\n<li>Wykorzystanie istniej\u0105cego zbiornika na gnojowic\u0119 (dostosowanie, mieszad\u0142a, pompy).<\/li>\n<\/ul>\n<\/li>\n<\/ul>\n<p><strong>Celem dialogu technicznego jest doradztwo oraz pozyskanie wszelkich niezb\u0119dnych informacji s\u0142u\u017c\u0105cych do optymalnego przygotowania si\u0119 do przeprowadzenia przysz\u0142ego post\u0119powania, w szczeg\u00f3lno\u015bci w zakresie:<\/strong><\/p>\n<ol>\n<li><strong>Szacowania warto\u015bci zam\u00f3wienia<\/strong> na zaprojektowanie i budow\u0119 biogazowni.<\/li>\n<li><strong>Przygotowania optymalnego opisu przedmiotu zam\u00f3wienia<\/strong>, w tym:\n<ul>\n<li>Okre\u015blenia szczeg\u00f3\u0142owych wymaga\u0144 jako\u015bciowych i zakresu us\u0142ug.<\/li>\n<li>Weryfikacja technologii: ocena proponowanych rozwi\u0105za\u0144 w kontek\u015bcie dost\u0119pnych substrat\u00f3w i specyfiki dzia\u0142ki.<\/li>\n<li>Pozyskanie innowacyjnych rozwi\u0105za\u0144 i niestandardowych podej\u015b\u0107 do planowanej inwestycji.<\/li>\n<li>Harmonogramu: okre\u015blenie realnego czasu realizacji prac projektowych i budowlanych<\/li>\n<\/ul>\n<\/li>\n<li><strong>Ustalenia optymalnych kryteri\u00f3w oceny ofert<\/strong> dla przysz\u0142ego post\u0119powania, <br \/>z uwzgl\u0119dnieniem takich element\u00f3w jak do\u015bwiadczenie w projektowaniu i budowaniu biogazowni, innowacyjno\u015b\u0107 proponowanych rozwi\u0105za\u0144\/technologii, kwalifikacje zespo\u0142u, optymalny model serwisowy.<\/li>\n<li><strong>Okre\u015blenia tre\u015bci istotnych postanowie\u0144 umownych<\/strong> niezb\u0119dnych do realizacji przedmiotowego zam\u00f3wienia i zapewnienia d\u0142ugoterminowej, efektywnej wsp\u00f3\u0142pracy.<\/li>\n<li><strong>Zidentyfikowania potencjalnych ryzyk prawnych<\/strong> zwi\u0105zanych z realizacj\u0105 inwestycji <br \/>w biogazowni\u0119 oraz om\u00f3wienia mo\u017cliwych strategii ich minimalizacji.<\/li>\n<li><strong>Finansowanie projektu <\/strong>&#8211; finansowanie przez wykonawc\u0119 lub podmiot zewn\u0119trzny.<\/li>\n<\/ol>\n<ol>\n<li><strong> Warunki i Zasady Prowadzenia Dialogu Technicznego<\/strong><\/li>\n<\/ol>\n<ol>\n<li>Dialog techniczny b\u0119dzie prowadzony w spos\u00f3b zapewniaj\u0105cy zachowanie uczciwej konkurencji oraz r\u00f3wne traktowanie Uczestnik\u00f3w i oferowanych przez nich rozwi\u0105za\u0144.<\/li>\n<li><strong>Warunkiem zaproszenia do udzia\u0142u w niniejszym dialogu technicznym jest z\u0142o\u017cenie przez zainteresowanego Uczestnika podpisanego wniosku, stanowi\u0105cego za\u0142\u0105cznik nr 1 do niniejszego og\u0142oszenia, wraz z dokumentami potwierdzaj\u0105cymi posiadanie do\u015bwiadczenia, wiedzy i potencja\u0142u w zakresie:<\/strong>\n<ul>\n<li><strong>Do\u015bwiadczenie Kancelarii w Sektorze OZE (Biogazownie):<\/strong> Wykonawca w okresie ostatnich 5 lat zrealizowa\u0142 (zaprojektowa\u0142 i wybudowa\u0142) co najmniej <strong>2 inwestycje<\/strong> polegaj\u0105ce na budowie biogazowni rolniczej o mocy elektrycznej min. 100 kW ka\u017cda, kt\u00f3re zosta\u0142y oddane do u\u017cytkowania.<\/li>\n<li><strong>Do\u015bwiadczenie w Obs\u0142udze Finansowania Projekt\u00f3w Inwestycyjnych:<\/strong> Dysponowanie zespo\u0142em in\u017cynier\u00f3w (bran\u017ca budowlana, sanitarna, elektryczna) oraz technologiem procesu fermentacji.<\/li>\n<li><strong>Wiarygodno\u015b\u0107 Finansowa:<\/strong> Posiadanie ubezpieczenia od odpowiedzialno\u015bci cywilnej w zakresie prowadzonej dzia\u0142alno\u015bci gospodarczej na kwot\u0119 min. 2\u00a0000\u00a0000 z\u0142.<\/li>\n<\/ul>\n<\/li>\n<li><strong>Warunkiem zaproszenia do udzia\u0142u w Dialogu Konkurencyjnym<\/strong> jest z\u0142o\u017cenie przez zainteresowanego Uczestnika podpisanego wniosku o dopuszczenie do udzia\u0142u <br \/>w post\u0119powaniu, stanowi\u0105cego za\u0142\u0105cznik nr 1 do niniejszego og\u0142oszenia, wraz <br \/>z dokumentami potwierdzaj\u0105cymi spe\u0142nienie powy\u017cszych warunk\u00f3w udzia\u0142u.<\/li>\n<li><strong>Dialog konkurencyjny<\/strong> b\u0119dzie prowadzony w spos\u00f3b zapewniaj\u0105cy zachowanie uczciwej konkurencji oraz r\u00f3wne traktowanie Uczestnik\u00f3w i oferowanych przez nich rozwi\u0105za\u0144.<\/li>\n<li><strong>Dialog b\u0119dzie prowadzony w j\u0119zyku polskim.<\/strong> Do dokument\u00f3w sporz\u0105dzonych <br \/>w j\u0119zykach innych ni\u017c polski nale\u017cy do\u0142\u0105czy\u0107 bezwzgl\u0119dnie t\u0142umaczenia na j\u0119zyk polski.<\/li>\n<li><strong>Poufno\u015b\u0107 informacji:<\/strong> Zamawiaj\u0105cy nie ujawni w toku niniejszego dialogu ani po jego zako\u0144czeniu informacji stanowi\u0105cych tajemnic\u0119 przedsi\u0119biorstwa w rozumieniu ustawy <br \/>o zwalczaniu nieuczciwej konkurencji, je\u017celi Uczestnik, nie p\u00f3\u017aniej ni\u017c wraz <br \/>z przekazaniem informacji Zamawiaj\u0105cemu, zastrzeg\u0142, \u017ce przekazywane informacje stanowi\u0105 tajemnic\u0119 przedsi\u0119biorstwa i nie mog\u0105 by\u0107 udost\u0119pniane innym podmiotom.<\/li>\n<li><strong>Liczba Uczestnik\u00f3w Dialogu:<\/strong> Do dialogu Zamawiaj\u0105cy zakwalifikuje i zaprosi Uczestnik\u00f3w spe\u0142niaj\u0105cych wymagania okre\u015blone w niniejszym og\u0142oszeniu o zamiarze wszcz\u0119cia dialogu technicznego, jednak <strong>nie wi\u0119cej ni\u017c 5 (pi\u0119ciu)<\/strong>. W przypadku, gdy wi\u0119cej ni\u017c 5 Uczestnik\u00f3w spe\u0142ni warunki udzia\u0142u, Zamawiaj\u0105cy zastosuje obiektywne <br \/>i niedyskryminuj\u0105ce kryteria selekcji, np. poprzez ocen\u0119 do\u015bwiadczenia w projektach <br \/>o najwi\u0119kszej skali lub najbardziej zbli\u017conych do planowanej inwestycji.<\/li>\n<li><strong>Termin zako\u0144czenia dialogu konkurencyjnego planowany jest na 3 miesi\u0105ce od daty og\u0142oszenia.<\/strong> Termin prowadzenia dialogu mo\u017ce ulec wyd\u0142u\u017ceniu w przypadku nie osi\u0105gni\u0119cia cel\u00f3w okre\u015blonych w niniejszym og\u0142oszeniu. Zamawiaj\u0105cy niezw\u0142ocznie poinformuje o zako\u0144czeniu dialogu, umieszczaj\u0105c informacj\u0119 na swojej stronie internetowej oraz poprzez przekazanie informacji Uczestnikom.<\/li>\n<li>Poprzez udzia\u0142 w dialogu technicznym Uczestnicy udzielaj\u0105 bezwarunkowej zgody na wykorzystanie przekazywanych informacji na potrzeby przygotowania specyfikacji warunk\u00f3w zam\u00f3wienia, a w szczeg\u00f3lno\u015bci opisu przedmiotu zam\u00f3wienia.<\/li>\n<li>Koszty sporz\u0105dzenia oraz z\u0142o\u017cenia wniosk\u00f3w o dopuszczenie do dialogu, jak r\u00f3wnie\u017c koszty uczestnictwa w samym dialogu ponosz\u0105 Uczestnicy dialogu i z tego tytu\u0142u nie przys\u0142uguj\u0105 \u017cadne roszczenia w stosunku do Zamawiaj\u0105cego.<\/li>\n<li>Zamawiaj\u0105cy ma prawo bez podania przyczyny do odwo\u0142ania dialogu albo przerwania go w ka\u017cdym czasie.<\/li>\n<li>Z przeprowadzenia dialogu Zamawiaj\u0105cy mo\u017ce sporz\u0105dzi\u0107 protok\u00f3\u0142, zawieraj\u0105cy co najmniej:<\/li>\n<\/ol>\n<ol>\n<li>informacj\u0119 o przeprowadzeniu dialogu;<\/li>\n<li>informacj\u0119 o Uczestnikach dialogu;<\/li>\n<li>informacj\u0119 o potencjalnym wp\u0142ywie dialogu na opis przedmiotu zam\u00f3wienia, specyfikacj\u0119 istotnych warunk\u00f3w zam\u00f3wienia lub warunki umowy.<\/li>\n<\/ol>\n<ol>\n<li>Protok\u00f3\u0142 wraz z za\u0142\u0105cznikami, jak r\u00f3wnie\u017c inne dokumenty zwi\u0105zane z dialogiem <br \/>(np. korespondencja, pisma, opracowania, opinie) s\u0105 jawne, z zastrze\u017ceniem informacji, o kt\u00f3rych mowa w pkt. IV.6.<\/li>\n<\/ol>\n<ol>\n<li><strong> Zg\u0142oszenie do Udzia\u0142u w Dialogu Technicznym<\/strong><\/li>\n<\/ol>\n<ol>\n<li>Uczestnicy zainteresowani udzia\u0142em w dialogu technicznym sk\u0142adaj\u0105 wype\u0142niony <br \/>i podpisany wniosek o dopuszczenie do udzia\u0142u w dialogu technicznym (za\u0142\u0105cznik nr 1).<\/li>\n<li>Wniosek wraz z za\u0142\u0105cznikami mo\u017cna z\u0142o\u017cy\u0107:\n<ul>\n<li>osobi\u015bcie w sekretariacie Zamawiaj\u0105cego: Green Lab Sp. z o.o., ul. J. Bema 83\/73, 01-233 Warszawa, z dopiskiem: <em>Dialog techniczny: Budowa mikrobiogazowni 100 kW\u201d<\/em><\/li>\n<\/ul>\n<\/li>\n<\/ol>\n<p>lub<\/p>\n<ol>\n<li style=\"list-style-type: none;\">\n<ul>\n<li>za po\u015brednictwem poczty elektronicznej (skan wniosku i za\u0142\u0105cznik\u00f3w) adres <br \/>e-mail: <a href=\"mailto:greenlab@greenlab.org.pl\">greenlab@greenlab.org.pl<\/a>. W tytule wiadomo\u015bci nale\u017cy wpisa\u0107: <em>\u201eDialog techniczny: Budowa mikrobiogazowni 100 kW\u201d.<\/em><\/li>\n<\/ul>\n<\/li>\n<li><strong>Termin sk\u0142adania wniosk\u00f3w up\u0142ywa w dniu 31 grudnia 2025 r. o godzinie 15:00.<\/strong><\/li>\n<li>Wnioski niez\u0142o\u017cone w powy\u017cszym terminie nie b\u0119d\u0105 rozpatrywane.<\/li>\n<\/ol>\n<ol>\n<li><strong> Informacje o Sposobie Komunikacji i Prowadzenia Dialogu Zamawiaj\u0105cego <br \/>z Uczestnikami<\/strong><\/li>\n<\/ol>\n<ol>\n<li>Zamawiaj\u0105cy komunikuje si\u0119 z Uczestnikami za pomoc\u0105 korespondencji:\n<ul>\n<li>pisemnej (wys\u0142anej na podany przez Uczestnika adres do korespondencji za po\u015brednictwem operatora pocztowego; potwierdzeniem jest wysy\u0142ka za zwrotnym potwierdzeniem odbioru)<\/li>\n<\/ul>\n<\/li>\n<\/ol>\n<p>lub<\/p>\n<ol>\n<li style=\"list-style-type: none;\">\n<ul>\n<li>elektronicznej (wys\u0142anej na adres poczty elektronicznej podanej przez Uczestnika)<\/li>\n<\/ul>\n<\/li>\n<\/ol>\n<p>Ka\u017cda ze stron na \u017c\u0105danie drugiej niezw\u0142ocznie potwierdza fakt otrzymania korespondencji.<\/p>\n<ol>\n<li>Wszelk\u0105 korespondencj\u0119 kierowan\u0105 do Zamawiaj\u0105cego nale\u017cy opatrzy\u0107 dopiskiem: <em>\u201eDialog techniczny: Budowa mikrobiogazowni 100 kW\u201d.<\/em><\/li>\n<li>Dialog z Uczestnikami mo\u017ce przybra\u0107 nast\u0119puj\u0105c\u0105 form\u0119:\n<ul>\n<li>wymiany korespondencji w postaci pisemnej lub elektronicznej,<\/li>\n<li>spotka\u0144 indywidualnych z Uczestnikami,<\/li>\n<li>spotka\u0144 grupowych z Uczestnikami, w okre\u015blonych przez Zamawiaj\u0105cego tematach i terminach. Zamawiaj\u0105cy mo\u017ce prowadzi\u0107 dialog z Uczestnikami <br \/>w r\u00f3\u017cnych dopuszczalnych w niniejszym og\u0142oszeniu formach z poszanowaniem zasad przejrzysto\u015bci, uczciwej konkurencji i r\u00f3wnego traktowania Uczestnik\u00f3w.<\/li>\n<\/ul>\n<\/li>\n<\/ol>\n<p><strong>VII. Zastrze\u017cenie Prawne<\/strong><\/p>\n<ol>\n<li>Niniejsze og\u0142oszenie nie stanowi zaproszenia do z\u0142o\u017cenia oferty ani zaproszenia do negocjacji w celu zawarcia umowy w rozumieniu ustawy z dnia 23 kwietnia 1964 r. Kodeks cywilny (t.j. Dz. U. z 2020 r., poz. 1740 ze zm.), nie jest r\u00f3wnie\u017c og\u0142oszeniem o zam\u00f3wieniu w rozumieniu przepis\u00f3w ustawy z dnia 11 wrze\u015bnia 2019 r. Prawo zam\u00f3wie\u0144 publicznych (t.j. Dz. U. z 2024 r., poz. 1320) w szczeg\u00f3lno\u015bci w trybie dialogu konkurencyjnego. Przedmiotowe og\u0142oszenie nie jest r\u00f3wnie\u017c ofert\u0105 ani zobowi\u0105zaniem do zawarcia umowy.<\/li>\n<li>Udzia\u0142 w dialogu technicznym nie jest warunkiem ubiegania si\u0119 przez potencjalnych Uczestnik\u00f3w w przysz\u0142o\u015bci o jakiekolwiek zam\u00f3wienie ani nie gwarantuje dopuszczenia do udzia\u0142u w takim post\u0119powaniu.<\/li>\n<li>Udzia\u0142 w dialogu nie uprawnia potencjalnych Uczestnik\u00f3w do dochodzenia jakichkolwiek roszcze\u0144 od Green Lab Sp. z o.o., w szczeg\u00f3lno\u015bci w zakresie dopuszczenia potencjalnych Uczestnik\u00f3w do post\u0119powania, zawarcia umowy w sprawie zam\u00f3wienia albo dopuszczenia w post\u0119powaniu rozwi\u0105za\u0144 oferowanych przez potencjalnych Uczestnik\u00f3w.<\/li>\n<li>W przypadku, gdy Zamawiaj\u0105cy pozyska dane osobowe w zwi\u0105zku z prowadzeniem dialogu, zobowi\u0105zany jest do przestrzegania przepis\u00f3w dotycz\u0105cych ochrony danych osobowych, w szczeg\u00f3lno\u015bci wynikaj\u0105cych z przepis\u00f3w rozporz\u0105dzenia Parlamentu Europejskiego i Rady (UE) 2016\/679 z dnia 27 kwietnia 2016 r. w sprawie ochrony os\u00f3b fizycznych w zwi\u0105zku z przetwarzaniem danych osobowych i w sprawie swobodnego przep\u0142ywu takich danych oraz uchylenia dyrektywy 95\/46\/WE (og\u00f3lne rozporz\u0105dzenie <br \/>o ochronie danych) oraz przepis\u00f3w ustawy z dnia 10 maja 2018 r. o ochronie danych osobowych.<\/li>\n<li>Uczestnikom dialogu i innym podmiotom nie przys\u0142uguj\u0105 \u015brodki odwo\u0142awcze okre\u015blone <br \/>w ustawie z dnia 11 wrze\u015bnia 2019 r. Prawo zam\u00f3wie\u0144 publicznych (t.j. Dz. U. z 2024 r., poz. 1320).<\/li>\n<\/ol>\n<p><strong>Za\u0142\u0105czniki:<\/strong><\/p>\t\t\t\t\t\t\t\t<\/div>\n\t\t\t\t<\/div>\n\t\t\t\t<div class=\"elementor-element elementor-element-b5af210 elementor-widget elementor-widget-text-editor\" data-id=\"b5af210\" data-element_type=\"widget\" data-e-type=\"widget\" data-widget_type=\"text-editor.default\">\n\t\t\t\t<div class=\"elementor-widget-container\">\n\t\t\t\t\t\t\t\t\t<ol style=\"font-weight: 300;\"><li style=\"font-style: inherit; font-weight: inherit;\"><a href=\"https:\/\/greenlab.org.pl\/wp-content\/uploads\/2025\/12\/Zalacznik-nr-1-Wniosek-o-dopuszczenie-do-udzialu-w-dialogu-technicznym-1.docx\">Za\u0142\u0105cznik nr 1 &#8211; Wniosek o dopuszczenie do udzia\u0142u w dialogu technicznym<\/a><\/li><li style=\"font-style: inherit; font-weight: inherit;\"><a href=\"https:\/\/greenlab.org.pl\/wp-content\/uploads\/2025\/12\/Zalacznik-nr-2-Wstepna-koncepcja-technologiczna-1.pdf\">Za\u0142\u0105cznik nr 2 &#8211; Wst\u0119pna koncepcja technologiczna<\/a><\/li><li style=\"font-style: inherit; font-weight: inherit;\"><a href=\"https:\/\/greenlab.org.pl\/wp-content\/uploads\/2025\/12\/Zalacznik-nr-3-Zasoby-substratowe-1.pdf\">Za\u0142\u0105cznik nr 3 &#8211; Zasoby substratowe<\/a><\/li><li style=\"font-style: inherit; font-weight: inherit;\"><a href=\"https:\/\/greenlab.org.pl\/wp-content\/uploads\/2025\/12\/Zalacznik-nr-4-Lokalizacja-inwestycji-mapka-1.pdf\">Za\u0142\u0105cznik nr 4 &#8211; Lokalizacja inwestycji (mapka)<\/a><\/li><\/ol>\t\t\t\t\t\t\t\t<\/div>\n\t\t\t\t<\/div>\n\t\t\t\t\t<\/div>\n\t\t<\/div>\n\t\t\t\t\t<\/div>\n\t\t<\/section>\n\t\t\t\t<section class=\"elementor-section elementor-top-section elementor-element elementor-element-3984a77 elementor-section-boxed elementor-section-height-default elementor-section-height-default\" data-id=\"3984a77\" data-element_type=\"section\" data-e-type=\"section\">\n\t\t\t\t\t\t<div class=\"elementor-container elementor-column-gap-default\">\n\t\t\t\t\t<div class=\"elementor-column elementor-col-100 elementor-top-column elementor-element elementor-element-cd77366\" data-id=\"cd77366\" data-element_type=\"column\" data-e-type=\"column\">\n\t\t\t<div class=\"elementor-widget-wrap\">\n\t\t\t\t\t\t\t<\/div>\n\t\t<\/div>\n\t\t\t\t\t<\/div>\n\t\t<\/section>\n\t\t\t\t<\/div>\n\t\t","protected":false},"excerpt":{"rendered":"<p>Og\u0142oszenie o Zamiarze Przeprowadzenia Dialogu Technicznego (Konsultacji Rynkowych) Nazwa oraz adres Zamawiaj\u0105cego Nazwa i adres: Green Lab Sp. z o.o., ul. J. Bema 83\/73, 01-233 Warszawa Adres e-mail: greenlab@greenlab.org.pl Adres strony internetowej: www.greenlab.org.pl Podstawa Prawna i Charakter Post\u0119powania Niniejszy dialog jest prowadzony w oparciu o zasady transparentno\u015bci, r\u00f3wnego traktowania wykonawc\u00f3w oraz uczciwej konkurencji. Niemniej jednak, [&hellip;]<\/p>\n","protected":false},"author":3,"featured_media":0,"parent":0,"menu_order":0,"comment_status":"closed","ping_status":"closed","template":"","meta":{"site-sidebar-layout":"no-sidebar","site-content-layout":"page-builder","ast-site-content-layout":"full-width-container","site-content-style":"unboxed","site-sidebar-style":"unboxed","ast-global-header-display":"","ast-banner-title-visibility":"","ast-main-header-display":"","ast-hfb-above-header-display":"","ast-hfb-below-header-display":"","ast-hfb-mobile-header-display":"","site-post-title":"disabled","ast-breadcrumbs-content":"","ast-featured-img":"disabled","footer-sml-layout":"","theme-transparent-header-meta":"","adv-header-id-meta":"","stick-header-meta":"","header-above-stick-meta":"","header-main-stick-meta":"","header-below-stick-meta":"","astra-migrate-meta-layouts":"set","ast-page-background-enabled":"default","ast-page-background-meta":{"desktop":{"background-color":"","background-image":"","background-repeat":"repeat","background-position":"center center","background-size":"auto","background-attachment":"scroll","background-type":"","background-media":"","overlay-type":"","overlay-color":"","overlay-opacity":"","overlay-gradient":""},"tablet":{"background-color":"","background-image":"","background-repeat":"repeat","background-position":"center center","background-size":"auto","background-attachment":"scroll","background-type":"","background-media":"","overlay-type":"","overlay-color":"","overlay-opacity":"","overlay-gradient":""},"mobile":{"background-color":"","background-image":"","background-repeat":"repeat","background-position":"center center","background-size":"auto","background-attachment":"scroll","background-type":"","background-media":"","overlay-type":"","overlay-color":"","overlay-opacity":"","overlay-gradient":""}},"ast-content-background-meta":{"desktop":{"background-color":"var(--ast-global-color-5)","background-image":"","background-repeat":"repeat","background-position":"center center","background-size":"auto","background-attachment":"scroll","background-type":"","background-media":"","overlay-type":"","overlay-color":"","overlay-opacity":"","overlay-gradient":""},"tablet":{"background-color":"var(--ast-global-color-5)","background-image":"","background-repeat":"repeat","background-position":"center center","background-size":"auto","background-attachment":"scroll","background-type":"","background-media":"","overlay-type":"","overlay-color":"","overlay-opacity":"","overlay-gradient":""},"mobile":{"background-color":"var(--ast-global-color-5)","background-image":"","background-repeat":"repeat","background-position":"center center","background-size":"auto","background-attachment":"scroll","background-type":"","background-media":"","overlay-type":"","overlay-color":"","overlay-opacity":"","overlay-gradient":""}},"footnotes":""},"class_list":["post-15528","page","type-page","status-publish","hentry"],"_links":{"self":[{"href":"https:\/\/greenlab.org.pl\/index.php?rest_route=\/wp\/v2\/pages\/15528","targetHints":{"allow":["GET"]}}],"collection":[{"href":"https:\/\/greenlab.org.pl\/index.php?rest_route=\/wp\/v2\/pages"}],"about":[{"href":"https:\/\/greenlab.org.pl\/index.php?rest_route=\/wp\/v2\/types\/page"}],"author":[{"embeddable":true,"href":"https:\/\/greenlab.org.pl\/index.php?rest_route=\/wp\/v2\/users\/3"}],"replies":[{"embeddable":true,"href":"https:\/\/greenlab.org.pl\/index.php?rest_route=%2Fwp%2Fv2%2Fcomments&post=15528"}],"version-history":[{"count":20,"href":"https:\/\/greenlab.org.pl\/index.php?rest_route=\/wp\/v2\/pages\/15528\/revisions"}],"predecessor-version":[{"id":15559,"href":"https:\/\/greenlab.org.pl\/index.php?rest_route=\/wp\/v2\/pages\/15528\/revisions\/15559"}],"wp:attachment":[{"href":"https:\/\/greenlab.org.pl\/index.php?rest_route=%2Fwp%2Fv2%2Fmedia&parent=15528"}],"curies":[{"name":"wp","href":"https:\/\/api.w.org\/{rel}","templated":true}]}}